{"id":27,"date":"2007-08-10T21:41:26","date_gmt":"2007-08-10T19:41:26","guid":{"rendered":"http:\/\/goldlaser.hu\/szolgaltatasaink\/lezer-latvanyok\/"},"modified":"2025-02-17T17:29:45","modified_gmt":"2025-02-17T15:29:45","slug":"laser-installaciok","status":"publish","type":"page","link":"https:\/\/goldlaser.hu\/wp\/szolgaltatasaink\/laser-installaciok","title":{"rendered":"L\u00e9zer dekor\u00e1ci\u00f3, l\u00e9zer kar\u00e1csonyfa, l\u00e9zerpadl\u00f3"},"content":{"rendered":"<p>A l\u00e9zert nemcsak dinamikus f\u00e9nyk\u00e9nt, hanem statikus, m\u0171v\u00e9szi eszk\u00f6zk\u00e9nt is alkalmazhatjuk. Seg\u00edts\u00e9g\u00e9vel k\u00fcl\u00f6nlegesen sz\u00e9p f\u00e9ny l\u00e1tv\u00e1nyokat, l\u00e9zer enviromenteket val\u00f3s\u00edthatunk meg, a lehet\u0151s\u00e9geknek csak a fant\u00e1zia szab hat\u00e1rt. Mozg\u00f3, anim\u00e1lt kar\u00e1csonyi l\u00e9zer show m\u0171sorainkban k\u00fcl\u00f6nleges 3D hat\u00e1sokkal lepheti meg k\u00f6z\u00f6ns\u00e9g\u00e9t.<\/p>\n<p>P\u00e9ld\u00e1k:<\/p>\n<ul>\n<li>l\u00e9zerkapu a bej\u00e1ratn\u00e1l,<\/li>\n<li>l\u00e9zerf\u00fcgg\u00f6ny t\u00e9relv\u00e1laszt\u00f3k\u00e9nt,<\/li>\n<li>l\u00e9zerkar\u00e1csonyfa,<\/li>\n<li>l\u00e9zer padl\u00f3,<\/li>\n<li>l\u00e9zer plafon,<\/li>\n<li>t\u00e9rbeli l\u00e9zerh\u00e1l\u00f3k&#8230; stb.<\/li>\n<\/ul>\n<p>Kar\u00e1csonyi fogad\u00e1sokra, \u00e9vadz\u00e1r\u00f3 esem\u00e9nyekre aj\u00e1nljuk ezt a k\u00fcl\u00f6nleges, l\u00e9zer kar\u00e1csonyf\u00e1t, mely m\u00e9lt\u00f3 m\u00f3don emeli az esem\u00e9ny sz\u00ednvonal\u00e1t, valamint rendk\u00edv\u00fcl hangulatos f\u00e9ny-l\u00e1tv\u00e1nyoss\u00e1g.<\/p>\n<p>M\u0171szaki ig\u00e9nyei:<br \/>\n&#8211; megfelel\u0151 belmagass\u00e1g (legal\u00e1bb 3-4 m),<br \/>\n-230 V 16 ,<br \/>\n-hazer k\u00f6dg\u00e9p \u00fczemeltet\u00e9s\u00e9nek lehet\u0151s\u00e9ge.<\/p>\n<p>&nbsp;<\/p>\n<p>&nbsp;<\/p>\n<p>&nbsp;<\/p>\n<p>&nbsp;<\/p>\n<p>L\u00e9zerkapu:<\/p>\n<p><a href=\"https:\/\/goldlaser.hu\/wp\/wp-content\/lasergate.jpg\"><img loading=\"lazy\" decoding=\"async\" class=\"alignleft size-full wp-image-962\" src=\"https:\/\/goldlaser.hu\/wp\/wp-content\/lasergate.jpg\" alt=\"lasergate\" width=\"250\" height=\"202\" \/><\/a><\/p>\n<p>&nbsp;<\/p>\n<p>&nbsp;<\/p>\n<p>&nbsp;<\/p>\n<p>&nbsp;<\/p>\n<p>&nbsp;<\/p>\n<p>Hallowen laser dekor\u00e1ci\u00f3:<\/p>\n<p><a href=\"https:\/\/goldlaser.hu\/wp\/wp-content\/1385249_10151993524611411_1258788012_n.jpg\"><img loading=\"lazy\" decoding=\"async\" class=\"alignleft size-full wp-image-959\" src=\"https:\/\/goldlaser.hu\/wp\/wp-content\/1385249_10151993524611411_1258788012_n.jpg\" alt=\"1385249_10151993524611411_1258788012_n\" width=\"645\" height=\"430\" srcset=\"https:\/\/goldlaser.hu\/wp\/wp-content\/1385249_10151993524611411_1258788012_n.jpg 645w, https:\/\/goldlaser.hu\/wp\/wp-content\/1385249_10151993524611411_1258788012_n-300x200.jpg 300w, https:\/\/goldlaser.hu\/wp\/wp-content\/1385249_10151993524611411_1258788012_n-450x300.jpg 450w\" sizes=\"auto, (max-width: 645px) 100vw, 645px\" \/><\/a><\/p>\n<p>L\u00e1tv\u00e1nyos kar\u00e1csonyi 3D l\u00e9zer show:<\/p>\n<p><iframe loading=\"lazy\" title=\"B\u00e9k\u00e9s, boldog kar\u00e1csonyt k\u00edv\u00e1nunk! :)\" width=\"584\" height=\"438\" src=\"https:\/\/www.youtube.com\/embed\/PLdYGrdsGTI?feature=oembed\" frameborder=\"0\" allow=\"accelerometer; autoplay; clipboard-write; encrypted-media; gyroscope; picture-in-picture; web-share\" referrerpolicy=\"strict-origin-when-cross-origin\" allowfullscreen><\/iframe><\/p>\n<hr class=\"clear\" \/>\n","protected":false},"excerpt":{"rendered":"<p>A l\u00e9zert nemcsak dinamikus f\u00e9nyk\u00e9nt, hanem statikus, m\u0171v\u00e9szi eszk\u00f6zk\u00e9nt is alkalmazhatjuk. Seg\u00edts\u00e9g\u00e9vel k\u00fcl\u00f6nlegesen sz\u00e9p f\u00e9ny l\u00e1tv\u00e1nyokat, l\u00e9zer enviromenteket val\u00f3s\u00edthatunk meg, a lehet\u0151s\u00e9geknek csak a fant\u00e1zia szab hat\u00e1rt. Mozg\u00f3, anim\u00e1lt kar\u00e1csonyi l\u00e9zer show m\u0171sorainkban k\u00fcl\u00f6nleges 3D hat\u00e1sokkal lepheti meg k\u00f6z\u00f6ns\u00e9g\u00e9t. P\u00e9ld\u00e1k: &hellip; <a href=\"https:\/\/goldlaser.hu\/wp\/szolgaltatasaink\/laser-installaciok\">Egy kattint\u00e1s ide a folytat\u00e1shoz&#8230;. <span class=\"meta-nav\">&rarr;<\/span><\/a><\/p>\n","protected":false},"author":2,"featured_media":0,"parent":14,"menu_order":0,"comment_status":"closed","ping_status":"closed","template":"","meta":{"footnotes":""},"class_list":["post-27","page","type-page","status-publish","hentry"],"yoast_head":"<!-- This site is optimized with the Yoast SEO plugin v26.9 - https:\/\/yoast.com\/product\/yoast-seo-wordpress\/ -->\n<title>l\u00e9zer l\u00e1tv\u00e1ny dekor\u00e1ci\u00f3k, install\u00e1ci\u00f3k<\/title>\n<meta name=\"description\" content=\"K\u00fcl\u00f6nleges l\u00e9zer enteri\u0151r\u00f6k, l\u00e9zer l\u00e1tv\u00e1nyoss\u00e1gok: l\u00e9zer padl\u00f3, l\u00e9zer kapu, l\u00e9zer ring, l\u00e9zer f\u00fcgg\u00f6ny, laser bar, egy\u00e9b install\u00e1ci\u00f3k.\" \/>\n<meta name=\"robots\" content=\"index, follow, max-snippet:-1, max-image-preview:large, max-video-preview:-1\" \/>\n<link rel=\"canonical\" href=\"https:\/\/goldlaser.hu\/wp\/szolgaltatasaink\/laser-installaciok\" \/>\n<meta property=\"og:locale\" content=\"hu_HU\" \/>\n<meta property=\"og:type\" content=\"article\" \/>\n<meta property=\"og:title\" content=\"l\u00e9zer l\u00e1tv\u00e1ny dekor\u00e1ci\u00f3k, install\u00e1ci\u00f3k\" \/>\n<meta property=\"og:description\" content=\"K\u00fcl\u00f6nleges l\u00e9zer enteri\u0151r\u00f6k, l\u00e9zer l\u00e1tv\u00e1nyoss\u00e1gok: l\u00e9zer padl\u00f3, l\u00e9zer kapu, l\u00e9zer ring, l\u00e9zer f\u00fcgg\u00f6ny, laser bar, egy\u00e9b install\u00e1ci\u00f3k.\" \/>\n<meta property=\"og:url\" content=\"https:\/\/goldlaser.hu\/wp\/szolgaltatasaink\/laser-installaciok\" \/>\n<meta property=\"og:site_name\" content=\"GOLDLASER.HU \u2014 Az \u00fcnnep f\u00e9nye\" \/>\n<meta property=\"article:modified_time\" content=\"2025-02-17T15:29:45+00:00\" \/>\n<meta property=\"og:image\" content=\"https:\/\/goldlaser.hu\/wp\/wp-content\/lasergate.jpg\" \/>\n\t<meta property=\"og:image:width\" content=\"250\" \/>\n\t<meta property=\"og:image:height\" content=\"202\" \/>\n\t<meta property=\"og:image:type\" content=\"image\/jpeg\" \/>\n<meta name=\"twitter:card\" content=\"summary_large_image\" \/>\n<meta name=\"twitter:label1\" content=\"Becs\u00fclt olvas\u00e1si id\u0151\" \/>\n\t<meta name=\"twitter:data1\" content=\"1 perc\" \/>\n<script type=\"application\/ld+json\" class=\"yoast-schema-graph\">{\"@context\":\"https:\/\/schema.org\",\"@graph\":[{\"@type\":\"WebPage\",\"@id\":\"https:\/\/goldlaser.hu\/wp\/szolgaltatasaink\/laser-installaciok\",\"url\":\"https:\/\/goldlaser.hu\/wp\/szolgaltatasaink\/laser-installaciok\",\"name\":\"l\u00e9zer l\u00e1tv\u00e1ny dekor\u00e1ci\u00f3k, install\u00e1ci\u00f3k\",\"isPartOf\":{\"@id\":\"https:\/\/goldlaser.hu\/wp\/#website\"},\"primaryImageOfPage\":{\"@id\":\"https:\/\/goldlaser.hu\/wp\/szolgaltatasaink\/laser-installaciok#primaryimage\"},\"image\":{\"@id\":\"https:\/\/goldlaser.hu\/wp\/szolgaltatasaink\/laser-installaciok#primaryimage\"},\"thumbnailUrl\":\"https:\/\/goldlaser.hu\/wp\/wp-content\/lasergate.jpg\",\"datePublished\":\"2007-08-10T19:41:26+00:00\",\"dateModified\":\"2025-02-17T15:29:45+00:00\",\"description\":\"K\u00fcl\u00f6nleges l\u00e9zer enteri\u0151r\u00f6k, l\u00e9zer l\u00e1tv\u00e1nyoss\u00e1gok: l\u00e9zer padl\u00f3, l\u00e9zer kapu, l\u00e9zer ring, l\u00e9zer f\u00fcgg\u00f6ny, laser bar, egy\u00e9b install\u00e1ci\u00f3k.\",\"breadcrumb\":{\"@id\":\"https:\/\/goldlaser.hu\/wp\/szolgaltatasaink\/laser-installaciok#breadcrumb\"},\"inLanguage\":\"hu\",\"potentialAction\":[{\"@type\":\"ReadAction\",\"target\":[\"https:\/\/goldlaser.hu\/wp\/szolgaltatasaink\/laser-installaciok\"]}]},{\"@type\":\"ImageObject\",\"inLanguage\":\"hu\",\"@id\":\"https:\/\/goldlaser.hu\/wp\/szolgaltatasaink\/laser-installaciok#primaryimage\",\"url\":\"https:\/\/goldlaser.hu\/wp\/wp-content\/lasergate.jpg\",\"contentUrl\":\"https:\/\/goldlaser.hu\/wp\/wp-content\/lasergate.jpg\"},{\"@type\":\"BreadcrumbList\",\"@id\":\"https:\/\/goldlaser.hu\/wp\/szolgaltatasaink\/laser-installaciok#breadcrumb\",\"itemListElement\":[{\"@type\":\"ListItem\",\"position\":1,\"name\":\"Kezd\u0151lap\",\"item\":\"https:\/\/goldlaser.hu\/wp\/\"},{\"@type\":\"ListItem\",\"position\":2,\"name\":\"Szolg\u00e1ltat\u00e1saink\",\"item\":\"https:\/\/goldlaser.hu\/wp\/szolgaltatasaink\"},{\"@type\":\"ListItem\",\"position\":3,\"name\":\"L\u00e9zer dekor\u00e1ci\u00f3, l\u00e9zer kar\u00e1csonyfa, l\u00e9zerpadl\u00f3\"}]},{\"@type\":\"WebSite\",\"@id\":\"https:\/\/goldlaser.hu\/wp\/#website\",\"url\":\"https:\/\/goldlaser.hu\/wp\/\",\"name\":\"GOLDLASER.HU \u2014 Az \u00fcnnep f\u00e9nye\",\"description\":\"L\u00e9zer-show, egyedi l\u00e9zer produkci\u00f3 +36 20 993 9368 info@goldlaser.hu\",\"publisher\":{\"@id\":\"https:\/\/goldlaser.hu\/wp\/#organization\"},\"potentialAction\":[{\"@type\":\"SearchAction\",\"target\":{\"@type\":\"EntryPoint\",\"urlTemplate\":\"https:\/\/goldlaser.hu\/wp\/?s={search_term_string}\"},\"query-input\":{\"@type\":\"PropertyValueSpecification\",\"valueRequired\":true,\"valueName\":\"search_term_string\"}}],\"inLanguage\":\"hu\"},{\"@type\":\"Organization\",\"@id\":\"https:\/\/goldlaser.hu\/wp\/#organization\",\"name\":\"Goldlaser.hu\",\"url\":\"https:\/\/goldlaser.hu\/wp\/\",\"logo\":{\"@type\":\"ImageObject\",\"inLanguage\":\"hu\",\"@id\":\"https:\/\/goldlaser.hu\/wp\/#\/schema\/logo\/image\/\",\"url\":\"https:\/\/goldlaser.hu\/wp\/wp-content\/goldlaser01.jpg\",\"contentUrl\":\"https:\/\/goldlaser.hu\/wp\/wp-content\/goldlaser01.jpg\",\"width\":894,\"height\":670,\"caption\":\"Goldlaser.hu\"},\"image\":{\"@id\":\"https:\/\/goldlaser.hu\/wp\/#\/schema\/logo\/image\/\"}}]}<\/script>\n<!-- \/ Yoast SEO plugin. -->","yoast_head_json":{"title":"l\u00e9zer l\u00e1tv\u00e1ny dekor\u00e1ci\u00f3k, install\u00e1ci\u00f3k","description":"K\u00fcl\u00f6nleges l\u00e9zer enteri\u0151r\u00f6k, l\u00e9zer l\u00e1tv\u00e1nyoss\u00e1gok: l\u00e9zer padl\u00f3, l\u00e9zer kapu, l\u00e9zer ring, l\u00e9zer f\u00fcgg\u00f6ny, laser bar, egy\u00e9b install\u00e1ci\u00f3k.","robots":{"index":"index","follow":"follow","max-snippet":"max-snippet:-1","max-image-preview":"max-image-preview:large","max-video-preview":"max-video-preview:-1"},"canonical":"https:\/\/goldlaser.hu\/wp\/szolgaltatasaink\/laser-installaciok","og_locale":"hu_HU","og_type":"article","og_title":"l\u00e9zer l\u00e1tv\u00e1ny dekor\u00e1ci\u00f3k, install\u00e1ci\u00f3k","og_description":"K\u00fcl\u00f6nleges l\u00e9zer enteri\u0151r\u00f6k, l\u00e9zer l\u00e1tv\u00e1nyoss\u00e1gok: l\u00e9zer padl\u00f3, l\u00e9zer kapu, l\u00e9zer ring, l\u00e9zer f\u00fcgg\u00f6ny, laser bar, egy\u00e9b install\u00e1ci\u00f3k.","og_url":"https:\/\/goldlaser.hu\/wp\/szolgaltatasaink\/laser-installaciok","og_site_name":"GOLDLASER.HU \u2014 Az \u00fcnnep f\u00e9nye","article_modified_time":"2025-02-17T15:29:45+00:00","og_image":[{"width":250,"height":202,"url":"https:\/\/goldlaser.hu\/wp\/wp-content\/lasergate.jpg","type":"image\/jpeg"}],"twitter_card":"summary_large_image","twitter_misc":{"Becs\u00fclt olvas\u00e1si id\u0151":"1 perc"},"schema":{"@context":"https:\/\/schema.org","@graph":[{"@type":"WebPage","@id":"https:\/\/goldlaser.hu\/wp\/szolgaltatasaink\/laser-installaciok","url":"https:\/\/goldlaser.hu\/wp\/szolgaltatasaink\/laser-installaciok","name":"l\u00e9zer l\u00e1tv\u00e1ny dekor\u00e1ci\u00f3k, install\u00e1ci\u00f3k","isPartOf":{"@id":"https:\/\/goldlaser.hu\/wp\/#website"},"primaryImageOfPage":{"@id":"https:\/\/goldlaser.hu\/wp\/szolgaltatasaink\/laser-installaciok#primaryimage"},"image":{"@id":"https:\/\/goldlaser.hu\/wp\/szolgaltatasaink\/laser-installaciok#primaryimage"},"thumbnailUrl":"https:\/\/goldlaser.hu\/wp\/wp-content\/lasergate.jpg","datePublished":"2007-08-10T19:41:26+00:00","dateModified":"2025-02-17T15:29:45+00:00","description":"K\u00fcl\u00f6nleges l\u00e9zer enteri\u0151r\u00f6k, l\u00e9zer l\u00e1tv\u00e1nyoss\u00e1gok: l\u00e9zer padl\u00f3, l\u00e9zer kapu, l\u00e9zer ring, l\u00e9zer f\u00fcgg\u00f6ny, laser bar, egy\u00e9b install\u00e1ci\u00f3k.","breadcrumb":{"@id":"https:\/\/goldlaser.hu\/wp\/szolgaltatasaink\/laser-installaciok#breadcrumb"},"inLanguage":"hu","potentialAction":[{"@type":"ReadAction","target":["https:\/\/goldlaser.hu\/wp\/szolgaltatasaink\/laser-installaciok"]}]},{"@type":"ImageObject","inLanguage":"hu","@id":"https:\/\/goldlaser.hu\/wp\/szolgaltatasaink\/laser-installaciok#primaryimage","url":"https:\/\/goldlaser.hu\/wp\/wp-content\/lasergate.jpg","contentUrl":"https:\/\/goldlaser.hu\/wp\/wp-content\/lasergate.jpg"},{"@type":"BreadcrumbList","@id":"https:\/\/goldlaser.hu\/wp\/szolgaltatasaink\/laser-installaciok#breadcrumb","itemListElement":[{"@type":"ListItem","position":1,"name":"Kezd\u0151lap","item":"https:\/\/goldlaser.hu\/wp\/"},{"@type":"ListItem","position":2,"name":"Szolg\u00e1ltat\u00e1saink","item":"https:\/\/goldlaser.hu\/wp\/szolgaltatasaink"},{"@type":"ListItem","position":3,"name":"L\u00e9zer dekor\u00e1ci\u00f3, l\u00e9zer kar\u00e1csonyfa, l\u00e9zerpadl\u00f3"}]},{"@type":"WebSite","@id":"https:\/\/goldlaser.hu\/wp\/#website","url":"https:\/\/goldlaser.hu\/wp\/","name":"GOLDLASER.HU \u2014 Az \u00fcnnep f\u00e9nye","description":"L\u00e9zer-show, egyedi l\u00e9zer produkci\u00f3 +36 20 993 9368 info@goldlaser.hu","publisher":{"@id":"https:\/\/goldlaser.hu\/wp\/#organization"},"potentialAction":[{"@type":"SearchAction","target":{"@type":"EntryPoint","urlTemplate":"https:\/\/goldlaser.hu\/wp\/?s={search_term_string}"},"query-input":{"@type":"PropertyValueSpecification","valueRequired":true,"valueName":"search_term_string"}}],"inLanguage":"hu"},{"@type":"Organization","@id":"https:\/\/goldlaser.hu\/wp\/#organization","name":"Goldlaser.hu","url":"https:\/\/goldlaser.hu\/wp\/","logo":{"@type":"ImageObject","inLanguage":"hu","@id":"https:\/\/goldlaser.hu\/wp\/#\/schema\/logo\/image\/","url":"https:\/\/goldlaser.hu\/wp\/wp-content\/goldlaser01.jpg","contentUrl":"https:\/\/goldlaser.hu\/wp\/wp-content\/goldlaser01.jpg","width":894,"height":670,"caption":"Goldlaser.hu"},"image":{"@id":"https:\/\/goldlaser.hu\/wp\/#\/schema\/logo\/image\/"}}]}},"_links":{"self":[{"href":"https:\/\/goldlaser.hu\/wp\/wp-json\/wp\/v2\/pages\/27","targetHints":{"allow":["GET"]}}],"collection":[{"href":"https:\/\/goldlaser.hu\/wp\/wp-json\/wp\/v2\/pages"}],"about":[{"href":"https:\/\/goldlaser.hu\/wp\/wp-json\/wp\/v2\/types\/page"}],"author":[{"embeddable":true,"href":"https:\/\/goldlaser.hu\/wp\/wp-json\/wp\/v2\/users\/2"}],"replies":[{"embeddable":true,"href":"https:\/\/goldlaser.hu\/wp\/wp-json\/wp\/v2\/comments?post=27"}],"version-history":[{"count":14,"href":"https:\/\/goldlaser.hu\/wp\/wp-json\/wp\/v2\/pages\/27\/revisions"}],"predecessor-version":[{"id":2159,"href":"https:\/\/goldlaser.hu\/wp\/wp-json\/wp\/v2\/pages\/27\/revisions\/2159"}],"up":[{"embeddable":true,"href":"https:\/\/goldlaser.hu\/wp\/wp-json\/wp\/v2\/pages\/14"}],"wp:attachment":[{"href":"https:\/\/goldlaser.hu\/wp\/wp-json\/wp\/v2\/media?parent=27"}],"curies":[{"name":"wp","href":"https:\/\/api.w.org\/{rel}","templated":true}]}}