{"id":2177,"date":"2025-02-17T17:55:19","date_gmt":"2025-02-17T15:55:19","guid":{"rendered":"https:\/\/goldlaser.hu\/wp\/?page_id=2177"},"modified":"2025-02-17T17:56:39","modified_gmt":"2025-02-17T15:56:39","slug":"publications","status":"publish","type":"page","link":"https:\/\/goldlaser.hu\/wp\/en\/publications","title":{"rendered":"Publications"},"content":{"rendered":"<p>XLR Online magazin:<\/p>\n<p><a title=\"http:\/\/www.xlr.hu\/c472\/Lezergrafikak__scannerek__lezerprojektorok\" href=\"http:\/\/www.xlr.hu\/c472\/Lezergrafikak__scannerek__lezerprojektorok\" target=\"_blank\" rel=\"noopener\">L\u00e9zergrafik\u00e1k, l\u00e9zer scannerek, l\u00e9zer projektorok<br \/>\n<\/a><\/p>\n<p><em>Sz\u00ednpad<\/em> &#8211; El\u0151ad\u00f3m\u0171v\u00e9szetek technik\u00e1ja 2006. september:<br \/>\n<strong>L\u00e9zertechnika a sz\u00ednh\u00e1zban<\/strong><br \/>\n<small>Written by: Cs\u00f6m\u00f6r Hermina<\/small><\/p>\n<p><a href=\"\/publikaciok\/lezertechnika-a-szinhazban\/\">R\u00e9szlet<\/a><\/p>\n<p><em>Diszkr\u00f3nika<\/em> 2004-2005, five-part series of articles:<br \/>\n<strong>Ill\u00fazi\u00f3k \u00e9s t\u00e9nyek a l\u00e9zerek vil\u00e1g\u00e1b\u00f3l<\/strong><br \/>\n<small>Written by: Cs\u00f6m\u00f6r Hermina<\/small><\/p>\n<p>Part 1: <a href=\"\/publikaciok\/a-lezersugarzas\/\">A l\u00e9zersug\u00e1rz\u00e1s<\/a><br \/>\nPart 2: <a href=\"\/publikaciok\/szakmai-alapismeretek\/\">Szakmai alapismeretek<\/a><br \/>\nPart 3: <a href=\"\/publikaciok\/latvanytechnika\/\">L\u00e1tv\u00e1nytechnika<\/a><br \/>\nPart 4: <a href=\"\/publikaciok\/a-lezer-show-kialakitasa\/\">A l\u00e9zer-show kialak\u00edt\u00e1sa<\/a><br \/>\nPart 5: <a href=\"\/publikaciok\/nagyteljesitmenyu-szabadteri-lezerek\/\">Szabadt\u00e9ri l\u00e9zerek<\/a><\/p>\n","protected":false},"excerpt":{"rendered":"<p>XLR Online magazin: L\u00e9zergrafik\u00e1k, l\u00e9zer scannerek, l\u00e9zer projektorok Sz\u00ednpad &#8211; El\u0151ad\u00f3m\u0171v\u00e9szetek technik\u00e1ja 2006. september: L\u00e9zertechnika a sz\u00ednh\u00e1zban Written by: Cs\u00f6m\u00f6r Hermina R\u00e9szlet Diszkr\u00f3nika 2004-2005, five-part series of articles: Ill\u00fazi\u00f3k \u00e9s t\u00e9nyek a l\u00e9zerek vil\u00e1g\u00e1b\u00f3l Written by: Cs\u00f6m\u00f6r Hermina Part 1: &hellip; <a href=\"https:\/\/goldlaser.hu\/wp\/en\/publications\">Egy kattint\u00e1s ide a folytat\u00e1shoz&#8230;. <span class=\"meta-nav\">&rarr;<\/span><\/a><\/p>\n","protected":false},"author":2,"featured_media":0,"parent":2100,"menu_order":0,"comment_status":"closed","ping_status":"closed","template":"","meta":{"footnotes":""},"class_list":["post-2177","page","type-page","status-publish","hentry"],"yoast_head":"<!-- This site is optimized with the Yoast SEO plugin v26.9 - https:\/\/yoast.com\/product\/yoast-seo-wordpress\/ -->\n<title>Publications - GOLDLASER.HU \u2014 Az \u00fcnnep f\u00e9nye<\/title>\n<meta name=\"robots\" content=\"index, follow, max-snippet:-1, max-image-preview:large, max-video-preview:-1\" \/>\n<link rel=\"canonical\" href=\"https:\/\/goldlaser.hu\/wp\/en\/publications\" \/>\n<meta property=\"og:locale\" content=\"hu_HU\" \/>\n<meta property=\"og:type\" content=\"article\" \/>\n<meta property=\"og:title\" content=\"Publications - GOLDLASER.HU \u2014 Az \u00fcnnep f\u00e9nye\" \/>\n<meta property=\"og:description\" content=\"XLR Online magazin: L\u00e9zergrafik\u00e1k, l\u00e9zer scannerek, l\u00e9zer projektorok Sz\u00ednpad &#8211; El\u0151ad\u00f3m\u0171v\u00e9szetek technik\u00e1ja 2006. september: L\u00e9zertechnika a sz\u00ednh\u00e1zban Written by: Cs\u00f6m\u00f6r Hermina R\u00e9szlet Diszkr\u00f3nika 2004-2005, five-part series of articles: Ill\u00fazi\u00f3k \u00e9s t\u00e9nyek a l\u00e9zerek vil\u00e1g\u00e1b\u00f3l Written by: Cs\u00f6m\u00f6r Hermina Part 1: &hellip; Egy kattint\u00e1s ide a folytat\u00e1shoz.... &rarr;\" \/>\n<meta property=\"og:url\" content=\"https:\/\/goldlaser.hu\/wp\/en\/publications\" \/>\n<meta property=\"og:site_name\" content=\"GOLDLASER.HU \u2014 Az \u00fcnnep f\u00e9nye\" \/>\n<meta property=\"article:modified_time\" content=\"2025-02-17T15:56:39+00:00\" \/>\n<meta name=\"twitter:card\" content=\"summary_large_image\" \/>\n<meta name=\"twitter:label1\" content=\"Becs\u00fclt olvas\u00e1si id\u0151\" \/>\n\t<meta name=\"twitter:data1\" content=\"1 perc\" \/>\n<script type=\"application\/ld+json\" class=\"yoast-schema-graph\">{\"@context\":\"https:\/\/schema.org\",\"@graph\":[{\"@type\":\"WebPage\",\"@id\":\"https:\/\/goldlaser.hu\/wp\/en\/publications\",\"url\":\"https:\/\/goldlaser.hu\/wp\/en\/publications\",\"name\":\"Publications - GOLDLASER.HU \u2014 Az \u00fcnnep f\u00e9nye\",\"isPartOf\":{\"@id\":\"https:\/\/goldlaser.hu\/wp\/#website\"},\"datePublished\":\"2025-02-17T15:55:19+00:00\",\"dateModified\":\"2025-02-17T15:56:39+00:00\",\"breadcrumb\":{\"@id\":\"https:\/\/goldlaser.hu\/wp\/en\/publications#breadcrumb\"},\"inLanguage\":\"hu\",\"potentialAction\":[{\"@type\":\"ReadAction\",\"target\":[\"https:\/\/goldlaser.hu\/wp\/en\/publications\"]}]},{\"@type\":\"BreadcrumbList\",\"@id\":\"https:\/\/goldlaser.hu\/wp\/en\/publications#breadcrumb\",\"itemListElement\":[{\"@type\":\"ListItem\",\"position\":1,\"name\":\"Kezd\u0151lap\",\"item\":\"https:\/\/goldlaser.hu\/wp\/\"},{\"@type\":\"ListItem\",\"position\":2,\"name\":\"En\",\"item\":\"https:\/\/goldlaser.hu\/wp\/en\"},{\"@type\":\"ListItem\",\"position\":3,\"name\":\"Publications\"}]},{\"@type\":\"WebSite\",\"@id\":\"https:\/\/goldlaser.hu\/wp\/#website\",\"url\":\"https:\/\/goldlaser.hu\/wp\/\",\"name\":\"GOLDLASER.HU \u2014 Az \u00fcnnep f\u00e9nye\",\"description\":\"L\u00e9zer-show, egyedi l\u00e9zer produkci\u00f3 +36 20 993 9368 info@goldlaser.hu\",\"publisher\":{\"@id\":\"https:\/\/goldlaser.hu\/wp\/#organization\"},\"potentialAction\":[{\"@type\":\"SearchAction\",\"target\":{\"@type\":\"EntryPoint\",\"urlTemplate\":\"https:\/\/goldlaser.hu\/wp\/?s={search_term_string}\"},\"query-input\":{\"@type\":\"PropertyValueSpecification\",\"valueRequired\":true,\"valueName\":\"search_term_string\"}}],\"inLanguage\":\"hu\"},{\"@type\":\"Organization\",\"@id\":\"https:\/\/goldlaser.hu\/wp\/#organization\",\"name\":\"Goldlaser.hu\",\"url\":\"https:\/\/goldlaser.hu\/wp\/\",\"logo\":{\"@type\":\"ImageObject\",\"inLanguage\":\"hu\",\"@id\":\"https:\/\/goldlaser.hu\/wp\/#\/schema\/logo\/image\/\",\"url\":\"https:\/\/goldlaser.hu\/wp\/wp-content\/goldlaser01.jpg\",\"contentUrl\":\"https:\/\/goldlaser.hu\/wp\/wp-content\/goldlaser01.jpg\",\"width\":894,\"height\":670,\"caption\":\"Goldlaser.hu\"},\"image\":{\"@id\":\"https:\/\/goldlaser.hu\/wp\/#\/schema\/logo\/image\/\"}}]}<\/script>\n<!-- \/ Yoast SEO plugin. -->","yoast_head_json":{"title":"Publications - GOLDLASER.HU \u2014 Az \u00fcnnep f\u00e9nye","robots":{"index":"index","follow":"follow","max-snippet":"max-snippet:-1","max-image-preview":"max-image-preview:large","max-video-preview":"max-video-preview:-1"},"canonical":"https:\/\/goldlaser.hu\/wp\/en\/publications","og_locale":"hu_HU","og_type":"article","og_title":"Publications - GOLDLASER.HU \u2014 Az \u00fcnnep f\u00e9nye","og_description":"XLR Online magazin: L\u00e9zergrafik\u00e1k, l\u00e9zer scannerek, l\u00e9zer projektorok Sz\u00ednpad &#8211; El\u0151ad\u00f3m\u0171v\u00e9szetek technik\u00e1ja 2006. september: L\u00e9zertechnika a sz\u00ednh\u00e1zban Written by: Cs\u00f6m\u00f6r Hermina R\u00e9szlet Diszkr\u00f3nika 2004-2005, five-part series of articles: Ill\u00fazi\u00f3k \u00e9s t\u00e9nyek a l\u00e9zerek vil\u00e1g\u00e1b\u00f3l Written by: Cs\u00f6m\u00f6r Hermina Part 1: &hellip; Egy kattint\u00e1s ide a folytat\u00e1shoz.... &rarr;","og_url":"https:\/\/goldlaser.hu\/wp\/en\/publications","og_site_name":"GOLDLASER.HU \u2014 Az \u00fcnnep f\u00e9nye","article_modified_time":"2025-02-17T15:56:39+00:00","twitter_card":"summary_large_image","twitter_misc":{"Becs\u00fclt olvas\u00e1si id\u0151":"1 perc"},"schema":{"@context":"https:\/\/schema.org","@graph":[{"@type":"WebPage","@id":"https:\/\/goldlaser.hu\/wp\/en\/publications","url":"https:\/\/goldlaser.hu\/wp\/en\/publications","name":"Publications - GOLDLASER.HU \u2014 Az \u00fcnnep f\u00e9nye","isPartOf":{"@id":"https:\/\/goldlaser.hu\/wp\/#website"},"datePublished":"2025-02-17T15:55:19+00:00","dateModified":"2025-02-17T15:56:39+00:00","breadcrumb":{"@id":"https:\/\/goldlaser.hu\/wp\/en\/publications#breadcrumb"},"inLanguage":"hu","potentialAction":[{"@type":"ReadAction","target":["https:\/\/goldlaser.hu\/wp\/en\/publications"]}]},{"@type":"BreadcrumbList","@id":"https:\/\/goldlaser.hu\/wp\/en\/publications#breadcrumb","itemListElement":[{"@type":"ListItem","position":1,"name":"Kezd\u0151lap","item":"https:\/\/goldlaser.hu\/wp\/"},{"@type":"ListItem","position":2,"name":"En","item":"https:\/\/goldlaser.hu\/wp\/en"},{"@type":"ListItem","position":3,"name":"Publications"}]},{"@type":"WebSite","@id":"https:\/\/goldlaser.hu\/wp\/#website","url":"https:\/\/goldlaser.hu\/wp\/","name":"GOLDLASER.HU \u2014 Az \u00fcnnep f\u00e9nye","description":"L\u00e9zer-show, egyedi l\u00e9zer produkci\u00f3 +36 20 993 9368 info@goldlaser.hu","publisher":{"@id":"https:\/\/goldlaser.hu\/wp\/#organization"},"potentialAction":[{"@type":"SearchAction","target":{"@type":"EntryPoint","urlTemplate":"https:\/\/goldlaser.hu\/wp\/?s={search_term_string}"},"query-input":{"@type":"PropertyValueSpecification","valueRequired":true,"valueName":"search_term_string"}}],"inLanguage":"hu"},{"@type":"Organization","@id":"https:\/\/goldlaser.hu\/wp\/#organization","name":"Goldlaser.hu","url":"https:\/\/goldlaser.hu\/wp\/","logo":{"@type":"ImageObject","inLanguage":"hu","@id":"https:\/\/goldlaser.hu\/wp\/#\/schema\/logo\/image\/","url":"https:\/\/goldlaser.hu\/wp\/wp-content\/goldlaser01.jpg","contentUrl":"https:\/\/goldlaser.hu\/wp\/wp-content\/goldlaser01.jpg","width":894,"height":670,"caption":"Goldlaser.hu"},"image":{"@id":"https:\/\/goldlaser.hu\/wp\/#\/schema\/logo\/image\/"}}]}},"_links":{"self":[{"href":"https:\/\/goldlaser.hu\/wp\/wp-json\/wp\/v2\/pages\/2177","targetHints":{"allow":["GET"]}}],"collection":[{"href":"https:\/\/goldlaser.hu\/wp\/wp-json\/wp\/v2\/pages"}],"about":[{"href":"https:\/\/goldlaser.hu\/wp\/wp-json\/wp\/v2\/types\/page"}],"author":[{"embeddable":true,"href":"https:\/\/goldlaser.hu\/wp\/wp-json\/wp\/v2\/users\/2"}],"replies":[{"embeddable":true,"href":"https:\/\/goldlaser.hu\/wp\/wp-json\/wp\/v2\/comments?post=2177"}],"version-history":[{"count":3,"href":"https:\/\/goldlaser.hu\/wp\/wp-json\/wp\/v2\/pages\/2177\/revisions"}],"predecessor-version":[{"id":2180,"href":"https:\/\/goldlaser.hu\/wp\/wp-json\/wp\/v2\/pages\/2177\/revisions\/2180"}],"up":[{"embeddable":true,"href":"https:\/\/goldlaser.hu\/wp\/wp-json\/wp\/v2\/pages\/2100"}],"wp:attachment":[{"href":"https:\/\/goldlaser.hu\/wp\/wp-json\/wp\/v2\/media?parent=2177"}],"curies":[{"name":"wp","href":"https:\/\/api.w.org\/{rel}","templated":true}]}}